{"id":5173,"date":"2020-04-02T18:57:17","date_gmt":"2020-04-02T16:57:17","guid":{"rendered":"https:\/\/lapouchoulanne.fr\/?page_id=5173"},"modified":"2020-04-02T19:25:39","modified_gmt":"2020-04-02T17:25:39","slug":"5173-2","status":"publish","type":"page","link":"https:\/\/lapouchoulanne.fr\/en\/events-2\/","title":{"rendered":"Events"},"content":{"rendered":"<p>[vc_row][vc_column css=&#8221;.vc_custom_1499951634504{padding-right: 0px !important;padding-left: 0px !important;}&#8221;]\n\n\n\t<script type=\"text\/javascript\">\n    \/\/<![CDATA[\n    \n    jQuery(document).ready(function() {\n\n      \/\/START masonry\n      jQuery(function ($) {\n        \n        \/\/Masonry\n\t\tvar $nd_options_masonry_content = $(\".nd_options_masonry_content\").imagesLoaded( function() {\n\t\t  \/\/ init Masonry after all images have loaded\n\t\t  $nd_options_masonry_content.masonry({\n\t\t    itemSelector: \".nd_options_masonry_item\"\n\t\t  });\n\t\t});\n\n\n      });\n      \/\/END masonry\n\n    });\n\n    \/\/]]>\n  <\/script>\n\n\n<!--START MASONRY--><div class=\"nd_options_section nd_options_masonry_content  \">\n\n\n\t    <div class=\" nd_options_width_33_percentage nd_options_float_left nd_options_padding_15 nd_options_box_sizing_border_box nd_options_masonry_item nd_options_width_100_percentage_responsive\">\n\t\t    <div class=\"nd_options_section nd_options_border_1_solid_grey nd_options_bg_white\">\n\n\t\t        <div class=\"nd_options_section nd_options_position_relative\">\n\t\t            \n\t\t            \n\n\n\t\t  \t<div class=\"nd_options_section nd_options_position_relative\">\n\t\t        <a href=\"https:\/\/lapouchoulanne.fr\/en\/bayonne-festivals\/\"><img decoding=\"async\" alt=\"\" class=\"nd_options_section\" src=\"https:\/\/lapouchoulanne.fr\/wp-content\/uploads\/2020\/02\/Fetes-de-bayonne.png\"><\/a>\n\t\t    <\/div>\n\n\t\t  \t\n\n\t\t        <\/div>\n\n\t\t        <div class=\"nd_options_section nd_options_padding_30 nd_options_box_sizing_border_box\">\n\t\t            <h5 class=\"nd_options_margin_0_important nd_options_padding_0 nd_options_second_font nd_options_color_greydark nd_options_font_size_12 nd_options_text_transform_uppercase nd_options_letter_spacing_3 nd_options_font_weight_lighter\">Actualit\u00e9s <\/h5>\n\n\t\t            <div class=\"nd_options_section nd_options_height_15\"><\/div>\n\t \t\t\t\t<div class=\"nd_options_section nd_options_line_height_0\"><span class=\"nd_options_display_inline_block nd_options_float_left nd_options_bg_greydark nd_options_width_30 nd_options_height_1\"><\/span><\/div>\n\t \t\t\t\t<div class=\"nd_options_section nd_options_height_15\"><\/div>\n\n\t\t            <h2 class=\"nd_options_margin_0_important nd_options_padding_0 \">Bayonne Festivals<\/h2>\n\t\t            <div class=\"nd_options_section nd_options_height_20\"><\/div>\n\t\t            <p class=\"nd_options_margin_0_important nd_options_padding_0\">The Bayonne 2020 Festival will take place from July 29 to August 2, 2020.. The Bayonne Festivals (Baionako Festak in Basque, Las H\u00e8stas de Baiona in Occitan), are a period of celebration in the city of Bayonne (Pyr\u00e9n\u00e9es-Atlantiques) which begins on the Wednesday preceding the first weekend in August ( normally the first Wednesday in [&hellip;]<\/p>\n\t\t            <div class=\"nd_options_section nd_options_height_20\"><\/div>\n\t\t            <a style=\"border: 2px solid #000; color:#000;\" class=\"nd_options_display_inline_block nd_options_line_height_11 nd_options_text_align_center nd_options_box_sizing_border_box nd_options_font_size_11 nd_options_font_weight_bold nd_options_second_font nd_options_padding_15_30  \" href=\"https:\/\/lapouchoulanne.fr\/en\/bayonne-festivals\/\">READ MORE<\/a>\n\n\t\t        <\/div>\n\n\t\t    <\/div>\n\t\t<\/div>\n\n\n\t  \n\n\n\t    <div class=\" nd_options_width_33_percentage nd_options_float_left nd_options_padding_15 nd_options_box_sizing_border_box nd_options_masonry_item nd_options_width_100_percentage_responsive\">\n\t\t    <div class=\"nd_options_section nd_options_border_1_solid_grey nd_options_bg_white\">\n\n\t\t        <div class=\"nd_options_section nd_options_position_relative\">\n\t\t            \n\t\t            \n\n\n\t\t  \t<div class=\"nd_options_section nd_options_position_relative\">\n\t\t        <a href=\"https:\/\/lapouchoulanne.fr\/en\/came-village-festival\/\"><img decoding=\"async\" alt=\"\" class=\"nd_options_section\" src=\"https:\/\/lapouchoulanne.fr\/wp-content\/uploads\/2020\/02\/Fetes-de-Came.png\"><\/a>\n\t\t    <\/div>\n\n\t\t  \t\n\n\t\t        <\/div>\n\n\t\t        <div class=\"nd_options_section nd_options_padding_30 nd_options_box_sizing_border_box\">\n\t\t            <h5 class=\"nd_options_margin_0_important nd_options_padding_0 nd_options_second_font nd_options_color_greydark nd_options_font_size_12 nd_options_text_transform_uppercase nd_options_letter_spacing_3 nd_options_font_weight_lighter\">Actualit\u00e9s <\/h5>\n\n\t\t            <div class=\"nd_options_section nd_options_height_15\"><\/div>\n\t \t\t\t\t<div class=\"nd_options_section nd_options_line_height_0\"><span class=\"nd_options_display_inline_block nd_options_float_left nd_options_bg_greydark nd_options_width_30 nd_options_height_1\"><\/span><\/div>\n\t \t\t\t\t<div class=\"nd_options_section nd_options_height_15\"><\/div>\n\n\t\t            <h2 class=\"nd_options_margin_0_important nd_options_padding_0 \">Came Village Festival<\/h2>\n\t\t            <div class=\"nd_options_section nd_options_height_20\"><\/div>\n\t\t            <p class=\"nd_options_margin_0_important nd_options_padding_0\">The festival of Came village is generally held at the end of August (dates to be confirmed). \u00a0<\/p>\n\t\t            <div class=\"nd_options_section nd_options_height_20\"><\/div>\n\t\t            <a style=\"border: 2px solid #000; color:#000;\" class=\"nd_options_display_inline_block nd_options_line_height_11 nd_options_text_align_center nd_options_box_sizing_border_box nd_options_font_size_11 nd_options_font_weight_bold nd_options_second_font nd_options_padding_15_30  \" href=\"https:\/\/lapouchoulanne.fr\/en\/came-village-festival\/\">READ MORE<\/a>\n\n\t\t        <\/div>\n\n\t\t    <\/div>\n\t\t<\/div>\n\n\n\t  <\/div><!--CLOSE MASONRY-->[\/vc_column][\/vc_row]<\/p>\n","protected":false},"excerpt":{"rendered":"<p>[vc_row][vc_column css=&#8221;.vc_custom_1499951634504{padding-right: 0px !important;padding-left: 0px !important;}&#8221;][\/vc_column][\/vc_row]<\/p>\n","protected":false},"author":1,"featured_media":0,"parent":0,"menu_order":0,"comment_status":"closed","ping_status":"closed","template":"","meta":{"footnotes":""},"class_list":["post-5173","page","type-page","status-publish","hentry"],"yoast_head":"<!-- This site is optimized with the Yoast SEO plugin v27.1.1 - https:\/\/yoast.com\/product\/yoast-seo-wordpress\/ -->\n<title>Events - la Pouchoulanne<\/title>\n<meta name=\"robots\" content=\"index, follow, max-snippet:-1, max-image-preview:large, max-video-preview:-1\" \/>\n<link rel=\"canonical\" href=\"https:\/\/lapouchoulanne.fr\/evenements-2\/\" \/>\n<meta property=\"og:locale\" content=\"en_US\" \/>\n<meta property=\"og:type\" content=\"article\" \/>\n<meta property=\"og:title\" content=\"Events - la Pouchoulanne\" \/>\n<meta property=\"og:description\" content=\"[vc_row][vc_column css=&#8221;.vc_custom_1499951634504{padding-right: 0px !important;padding-left: 0px !important;}&#8221;][\/vc_column][\/vc_row]\" \/>\n<meta property=\"og:url\" content=\"https:\/\/lapouchoulanne.fr\/evenements-2\/\" \/>\n<meta property=\"og:site_name\" content=\"la Pouchoulanne\" \/>\n<meta property=\"article:modified_time\" content=\"2020-04-02T17:25:39+00:00\" \/>\n<meta name=\"twitter:card\" content=\"summary_large_image\" \/>\n<script type=\"application\/ld+json\" class=\"yoast-schema-graph\">{\"@context\":\"https:\/\/schema.org\",\"@graph\":[{\"@type\":\"WebPage\",\"@id\":\"https:\/\/lapouchoulanne.fr\/evenements-2\/\",\"url\":\"https:\/\/lapouchoulanne.fr\/evenements-2\/\",\"name\":\"Events - la Pouchoulanne\",\"isPartOf\":{\"@id\":\"https:\/\/lapouchoulanne.fr\/#website\"},\"datePublished\":\"2020-04-02T16:57:17+00:00\",\"dateModified\":\"2020-04-02T17:25:39+00:00\",\"breadcrumb\":{\"@id\":\"https:\/\/lapouchoulanne.fr\/evenements-2\/#breadcrumb\"},\"inLanguage\":\"en-US\",\"potentialAction\":[{\"@type\":\"ReadAction\",\"target\":[\"https:\/\/lapouchoulanne.fr\/evenements-2\/\"]}]},{\"@type\":\"BreadcrumbList\",\"@id\":\"https:\/\/lapouchoulanne.fr\/evenements-2\/#breadcrumb\",\"itemListElement\":[{\"@type\":\"ListItem\",\"position\":1,\"name\":\"Accueil\",\"item\":\"https:\/\/lapouchoulanne.fr\/\"},{\"@type\":\"ListItem\",\"position\":2,\"name\":\"\u00c9v\u00e9nements\"}]},{\"@type\":\"WebSite\",\"@id\":\"https:\/\/lapouchoulanne.fr\/#website\",\"url\":\"https:\/\/lapouchoulanne.fr\/\",\"name\":\"la Pouchoulanne\",\"description\":\"Guest house\",\"publisher\":{\"@id\":\"https:\/\/lapouchoulanne.fr\/#organization\"},\"potentialAction\":[{\"@type\":\"SearchAction\",\"target\":{\"@type\":\"EntryPoint\",\"urlTemplate\":\"https:\/\/lapouchoulanne.fr\/?s={search_term_string}\"},\"query-input\":{\"@type\":\"PropertyValueSpecification\",\"valueRequired\":true,\"valueName\":\"search_term_string\"}}],\"inLanguage\":\"en-US\"},{\"@type\":\"Organization\",\"@id\":\"https:\/\/lapouchoulanne.fr\/#organization\",\"name\":\"La Pouchoulanne\",\"url\":\"https:\/\/lapouchoulanne.fr\/\",\"logo\":{\"@type\":\"ImageObject\",\"inLanguage\":\"en-US\",\"@id\":\"https:\/\/lapouchoulanne.fr\/#\/schema\/logo\/image\/\",\"url\":\"https:\/\/lapouchoulanne.fr\/wp-content\/uploads\/2020\/02\/logo-ok-ok.png\",\"contentUrl\":\"https:\/\/lapouchoulanne.fr\/wp-content\/uploads\/2020\/02\/logo-ok-ok.png\",\"width\":1400,\"height\":474,\"caption\":\"La Pouchoulanne\"},\"image\":{\"@id\":\"https:\/\/lapouchoulanne.fr\/#\/schema\/logo\/image\/\"}}]}<\/script>\n<!-- \/ Yoast SEO plugin. -->","yoast_head_json":{"title":"Events - la Pouchoulanne","robots":{"index":"index","follow":"follow","max-snippet":"max-snippet:-1","max-image-preview":"max-image-preview:large","max-video-preview":"max-video-preview:-1"},"canonical":"https:\/\/lapouchoulanne.fr\/evenements-2\/","og_locale":"en_US","og_type":"article","og_title":"Events - la Pouchoulanne","og_description":"[vc_row][vc_column css=&#8221;.vc_custom_1499951634504{padding-right: 0px !important;padding-left: 0px !important;}&#8221;][\/vc_column][\/vc_row]","og_url":"https:\/\/lapouchoulanne.fr\/evenements-2\/","og_site_name":"la Pouchoulanne","article_modified_time":"2020-04-02T17:25:39+00:00","twitter_card":"summary_large_image","schema":{"@context":"https:\/\/schema.org","@graph":[{"@type":"WebPage","@id":"https:\/\/lapouchoulanne.fr\/evenements-2\/","url":"https:\/\/lapouchoulanne.fr\/evenements-2\/","name":"Events - la Pouchoulanne","isPartOf":{"@id":"https:\/\/lapouchoulanne.fr\/#website"},"datePublished":"2020-04-02T16:57:17+00:00","dateModified":"2020-04-02T17:25:39+00:00","breadcrumb":{"@id":"https:\/\/lapouchoulanne.fr\/evenements-2\/#breadcrumb"},"inLanguage":"en-US","potentialAction":[{"@type":"ReadAction","target":["https:\/\/lapouchoulanne.fr\/evenements-2\/"]}]},{"@type":"BreadcrumbList","@id":"https:\/\/lapouchoulanne.fr\/evenements-2\/#breadcrumb","itemListElement":[{"@type":"ListItem","position":1,"name":"Accueil","item":"https:\/\/lapouchoulanne.fr\/"},{"@type":"ListItem","position":2,"name":"\u00c9v\u00e9nements"}]},{"@type":"WebSite","@id":"https:\/\/lapouchoulanne.fr\/#website","url":"https:\/\/lapouchoulanne.fr\/","name":"la Pouchoulanne","description":"Guest house","publisher":{"@id":"https:\/\/lapouchoulanne.fr\/#organization"},"potentialAction":[{"@type":"SearchAction","target":{"@type":"EntryPoint","urlTemplate":"https:\/\/lapouchoulanne.fr\/?s={search_term_string}"},"query-input":{"@type":"PropertyValueSpecification","valueRequired":true,"valueName":"search_term_string"}}],"inLanguage":"en-US"},{"@type":"Organization","@id":"https:\/\/lapouchoulanne.fr\/#organization","name":"La Pouchoulanne","url":"https:\/\/lapouchoulanne.fr\/","logo":{"@type":"ImageObject","inLanguage":"en-US","@id":"https:\/\/lapouchoulanne.fr\/#\/schema\/logo\/image\/","url":"https:\/\/lapouchoulanne.fr\/wp-content\/uploads\/2020\/02\/logo-ok-ok.png","contentUrl":"https:\/\/lapouchoulanne.fr\/wp-content\/uploads\/2020\/02\/logo-ok-ok.png","width":1400,"height":474,"caption":"La Pouchoulanne"},"image":{"@id":"https:\/\/lapouchoulanne.fr\/#\/schema\/logo\/image\/"}}]}},"_links":{"self":[{"href":"https:\/\/lapouchoulanne.fr\/en\/wp-json\/wp\/v2\/pages\/5173","targetHints":{"allow":["GET"]}}],"collection":[{"href":"https:\/\/lapouchoulanne.fr\/en\/wp-json\/wp\/v2\/pages"}],"about":[{"href":"https:\/\/lapouchoulanne.fr\/en\/wp-json\/wp\/v2\/types\/page"}],"author":[{"embeddable":true,"href":"https:\/\/lapouchoulanne.fr\/en\/wp-json\/wp\/v2\/users\/1"}],"replies":[{"embeddable":true,"href":"https:\/\/lapouchoulanne.fr\/en\/wp-json\/wp\/v2\/comments?post=5173"}],"version-history":[{"count":16,"href":"https:\/\/lapouchoulanne.fr\/en\/wp-json\/wp\/v2\/pages\/5173\/revisions"}],"predecessor-version":[{"id":5191,"href":"https:\/\/lapouchoulanne.fr\/en\/wp-json\/wp\/v2\/pages\/5173\/revisions\/5191"}],"wp:attachment":[{"href":"https:\/\/lapouchoulanne.fr\/en\/wp-json\/wp\/v2\/media?parent=5173"}],"curies":[{"name":"wp","href":"https:\/\/api.w.org\/{rel}","templated":true}]}}